{"id":3780,"date":"2024-01-05T09:58:59","date_gmt":"2024-01-05T08:58:59","guid":{"rendered":"https:\/\/pcr-legal.pl\/politica-de-privacidad\/"},"modified":"2025-10-27T15:11:04","modified_gmt":"2025-10-27T14:11:04","slug":"politica-de-privacidad","status":"publish","type":"page","link":"https:\/\/pcr-legal.pl\/es\/politica-de-privacidad\/","title":{"rendered":"Pol\u00edtica de privacidad"},"content":{"rendered":"<style>.kadence-column3_1267bd-97 > .kt-inside-inner-col,.kadence-column3_1267bd-97 > .kt-inside-inner-col:before{border-top-left-radius:0px;border-top-right-radius:0px;border-bottom-right-radius:0px;border-bottom-left-radius:0px;}.kadence-column3_1267bd-97 > .kt-inside-inner-col{column-gap:var(--global-kb-gap-sm, 1rem);}.kadence-column3_1267bd-97 > .kt-inside-inner-col{flex-direction:column;}.kadence-column3_1267bd-97 > .kt-inside-inner-col > .aligncenter{width:100%;}.kadence-column3_1267bd-97 > .kt-inside-inner-col:before{opacity:0.3;}.kadence-column3_1267bd-97{position:relative;}@media all and (max-width: 1024px){.kadence-column3_1267bd-97 > .kt-inside-inner-col{flex-direction:column;justify-content:center;}}@media all and (max-width: 767px){.kadence-column3_1267bd-97 > .kt-inside-inner-col{flex-direction:column;justify-content:center;}}<\/style>\n<div class=\"wp-block-kadence-column kadence-column3_1267bd-97 alignfull\"><div class=\"kt-inside-inner-col\"><style>.kadence-column3_87da9f-17 > .kt-inside-inner-col,.kadence-column3_87da9f-17 > .kt-inside-inner-col:before{border-top-left-radius:0px;border-top-right-radius:0px;border-bottom-right-radius:0px;border-bottom-left-radius:0px;}.kadence-column3_87da9f-17 > .kt-inside-inner-col{column-gap:var(--global-kb-gap-sm, 1rem);}.kadence-column3_87da9f-17 > .kt-inside-inner-col{flex-direction:column;}.kadence-column3_87da9f-17 > .kt-inside-inner-col > .aligncenter{width:100%;}.kadence-column3_87da9f-17 > .kt-inside-inner-col{background-color:#ffffff;background-image:url('https:\/\/pcr-legal.pl\/wp-content\/uploads\/2024\/01\/05.png');background-size:cover;background-position:48% 52%;background-attachment:scroll;background-repeat:no-repeat;}.kadence-column3_87da9f-17 > .kt-inside-inner-col:before{opacity:0.52;background-color:var(--global-palette4, #2D3748);}.kadence-column3_87da9f-17{position:relative;}@media all and (max-width: 1024px){.kadence-column3_87da9f-17 > .kt-inside-inner-col{flex-direction:column;justify-content:center;}}@media all and (max-width: 767px){.kadence-column3_87da9f-17 > .kt-inside-inner-col{flex-direction:column;justify-content:center;}}<\/style>\n<div class=\"wp-block-kadence-column kadence-column3_87da9f-17 kb-section-has-overlay\"><div class=\"kt-inside-inner-col\">\n<div style=\"height:0px\" aria-hidden=\"true\" class=\"wp-block-spacer\"><\/div>\n\n\n\n<h1 class=\"wp-block-heading has-text-align-center has-theme-palette-9-color has-text-color has-link-color wp-elements-347faac534b974bcf0b60ced4e1e8244\" style=\"font-size:86px\">Pol\u00edtica de privacidad<\/h1>\n\n\n\n<div style=\"height:31px\" aria-hidden=\"true\" class=\"wp-block-spacer\"><\/div>\n<\/div><\/div>\n<\/div><\/div>\n\n<div style=\"height:79px\" aria-hidden=\"true\" class=\"wp-block-spacer\"><\/div>\n\n<p>Esta Pol\u00edtica de Privacidad describe las pol\u00edticas de \u201cPolskie Centrum Rezydencji\u201d Krzysztof Graman, Kieturakisa 10\/21, 80-742 Gda\u0144sk, Polonia, correo electr\u00f3nico: biuro@pcr-legal.pl, tel\u00e9fono: +48 572 868 879, sobre la recopilaci\u00f3n, el uso y la divulgaci\u00f3n de su informaci\u00f3n que recopilamos cuando utiliza nuestro sitio web ( https:\/\/pcr-legal.pl ) (el \u201cServicio\u201d). Al acceder o utilizar el Servicio, usted consiente la recopilaci\u00f3n, el uso y la divulgaci\u00f3n de su informaci\u00f3n de conformidad con esta Pol\u00edtica de Privacidad. Si no presta su consentimiento, por favor no acceda ni utilice el Servicio.<br\/>Podemos modificar esta Pol\u00edtica de Privacidad en cualquier momento sin previo aviso y publicaremos la versi\u00f3n revisada en el Servicio. La Pol\u00edtica revisada entrar\u00e1 en vigor 180 d\u00edas despu\u00e9s de su publicaci\u00f3n en el Servicio y su acceso o uso continuado del Servicio despu\u00e9s de ese momento constituir\u00e1 su aceptaci\u00f3n de la Pol\u00edtica de Privacidad revisada. Por lo tanto, le recomendamos que revise esta p\u00e1gina peri\u00f3dicamente.<\/p>\n\n<p><strong>Informaci\u00f3n que recopilamos:<br\/><\/strong>Recopilaremos y trataremos la siguiente informaci\u00f3n personal sobre usted:<\/p>\n\n<ul class=\"wp-block-list\">\n<li>Nombre<\/li>\n\n\n\n<li>Correo electr\u00f3nico<\/li>\n\n\n\n<li>Tel\u00e9fono m\u00f3vil<\/li>\n<\/ul>\n\n<p><strong>C\u00f3mo recopilamos su informaci\u00f3n:<br\/><\/strong>Recopilamos\/recibimos informaci\u00f3n sobre usted de la siguiente manera:<\/p>\n\n<ul class=\"wp-block-list\">\n<li>Cuando un usuario completa el formulario de registro o de otro modo env\u00eda informaci\u00f3n personal<\/li>\n\n\n\n<li>Interact\u00faa con el sitio web<\/li>\n\n\n\n<li>De fuentes p\u00fablicas<\/li>\n<\/ul>\n\n<p><strong>C\u00f3mo usamos su informaci\u00f3n:<br\/><\/strong>Usaremos la informaci\u00f3n que recopilamos sobre usted para los siguientes fines:<\/p>\n\n<ul class=\"wp-block-list\">\n<li>Marketing\/Promocional<\/li>\n\n\n\n<li>Testimonios<\/li>\n\n\n\n<li>Publicidad dirigida Si deseamos utilizar su informaci\u00f3n para cualquier otro fin, le solicitaremos su consentimiento y solo utilizaremos su informaci\u00f3n una vez recibido dicho consentimiento y \u00fanicamente para el\/los fin(es) para los que otorgue el consentimiento, salvo que la ley nos obligue a actuar de otro modo.<\/li>\n<\/ul>\n\n<p><strong>C\u00f3mo compartimos su informaci\u00f3n:<br\/><\/strong>No transferiremos su informaci\u00f3n personal a terceros sin solicitar su consentimiento, salvo en circunstancias limitadas como se describe a continuaci\u00f3n:<\/p>\n\n<ul class=\"wp-block-list\">\n<li>Servicio de anuncios<\/li>\n\n\n\n<li>Anal\u00edtica<\/li>\n\n\n\n<li>Recopilaci\u00f3n y procesamiento de datos<\/li>\n<\/ul>\n\n<p>Exigimos a dichos terceros que utilicen la informaci\u00f3n personal que les transferimos \u00fanicamente para el prop\u00f3sito para el que se transfiri\u00f3 y que no la conserven por m\u00e1s tiempo del necesario para cumplir dicho prop\u00f3sito.<br\/>Tambi\u00e9n podemos divulgar su informaci\u00f3n personal para lo siguiente: (1) cumplir con la ley aplicable, reglamentos, \u00f3rdenes judiciales u otros procesos legales; (2) hacer cumplir sus acuerdos con nosotros, incluida esta Pol\u00edtica de Privacidad; o (3) responder a reclamaciones de que su uso del Servicio infringe derechos de terceros. Si el Servicio o nuestra empresa se fusiona con o es adquirida por otra empresa, su informaci\u00f3n ser\u00e1 uno de los activos transferidos al nuevo propietario.<\/p>\n\n<p><strong>Conservaci\u00f3n de su informaci\u00f3n:<br\/><\/strong>Conservaremos su informaci\u00f3n personal con nosotros de 90 d\u00edas a 2 a\u00f1os despu\u00e9s de que los usuarios cierren sus cuentas o durante el tiempo que la necesitemos para cumplir los fines para los que se recopil\u00f3, tal como se detalla en esta Pol\u00edtica de Privacidad. Es posible que necesitemos conservar cierta informaci\u00f3n durante per\u00edodos m\u00e1s largos, como el mantenimiento de registros\/la presentaci\u00f3n de informes de conformidad con la legislaci\u00f3n aplicable, o por otros motivos leg\u00edtimos, como la defensa de derechos legales, la prevenci\u00f3n del fraude, etc. La informaci\u00f3n an\u00f3nima residual y la informaci\u00f3n agregada, ninguna de las cuales le identifica (directa o indirectamente), puede almacenarse indefinidamente.<\/p>\n\n<p><strong>Sus derechos:<br\/><\/strong>Seg\u00fan la legislaci\u00f3n aplicable, usted puede tener derecho a acceder a sus datos personales y rectificarlos o suprimirlos, o a recibir una copia de sus datos personales; a restringir u oponerse al tratamiento activo de sus datos; a solicitarnos que compartamos (portemos) su informaci\u00f3n personal a otra entidad; a retirar cualquier consentimiento que nos haya otorgado para tratar sus datos; a presentar una reclamaci\u00f3n ante una autoridad competente, y otros derechos que puedan ser pertinentes en virtud de la legislaci\u00f3n aplicable. Para ejercer estos derechos, puede escribirnos a biuro@polskiecentrumrezydencji.pl. Responderemos a su solicitud de acuerdo con la legislaci\u00f3n aplicable.<br\/>Puede optar por no recibir comunicaciones de marketing directo o la elaboraci\u00f3n de perfiles que realizamos con fines de marketing escribi\u00e9ndonos a biuro@polskiecentrumrezydencji.pl.<br\/>Tenga en cuenta que, si no nos permite recopilar o tratar la informaci\u00f3n personal requerida, o si retira el consentimiento para tratarla para los fines necesarios, es posible que no pueda acceder o utilizar los servicios para los que se solicit\u00f3 su informaci\u00f3n.<\/p>\n\n<p><strong>Cookies, etc.<\/strong><br\/>Para obtener m\u00e1s informaci\u00f3n sobre c\u00f3mo usamos estas tecnolog\u00edas de seguimiento y sus opciones en relaci\u00f3n con ellas, consulte nuestra Pol\u00edtica de cookies.<\/p>\n\n<p><strong>Seguridad:<br\/><\/strong>La seguridad de su informaci\u00f3n es importante para nosotros y emplearemos medidas de seguridad razonables para prevenir la p\u00e9rdida, el uso indebido o la alteraci\u00f3n no autorizada de su informaci\u00f3n bajo nuestro control. Sin embargo, dados los riesgos inherentes, no podemos garantizar una seguridad absoluta y, en consecuencia, no podemos asegurar ni garantizar la seguridad de cualquier informaci\u00f3n que nos transmita; usted lo hace bajo su propio riesgo.<\/p>\n\n<p><strong>Enlaces de terceros y uso de su informaci\u00f3n:<br\/><\/strong>Nuestro Servicio puede contener enlaces a otros sitios web que no operamos nosotros. Esta Pol\u00edtica de Privacidad no aborda las pol\u00edticas de privacidad ni otras pr\u00e1cticas de terceros, incluido cualquier tercero que opere cualquier sitio web o servicio al que se pueda acceder mediante un enlace en el Servicio. Le recomendamos encarecidamente que revise la pol\u00edtica de privacidad de cada sitio que visite. No tenemos control ni asumimos responsabilidad alguna por el contenido, las pol\u00edticas de privacidad o las pr\u00e1cticas de sitios o servicios de terceros.<\/p>\n\n<p><strong>Responsable de reclamaciones \/ Delegado de Protecci\u00f3n de Datos:<br\/><\/strong>Si tiene alguna consulta o inquietud sobre el tratamiento de su informaci\u00f3n del que disponemos, puede enviar un correo electr\u00f3nico a nuestro Responsable de Reclamaciones en Polskie Centrum Rezydencji, Kieturakisa 10\/21, Gda\u0144sk, correo electr\u00f3nico: biuro@pcr-legal.pl. Atenderemos sus preocupaciones de conformidad con la legislaci\u00f3n aplicable.<\/p>\n\n<p><\/p>\n<style>.wp-block-kadence-spacer.kt-block-spacer-3_d2135b-d8 .kt-block-spacer{height:43px;}.wp-block-kadence-spacer.kt-block-spacer-3_d2135b-d8 .kt-divider{border-top-width:1px;height:1px;border-top-color:var(--global-palette1, #3182CE);width:100%;border-top-style:solid;}<\/style>\n<div class=\"wp-block-kadence-spacer aligncenter kt-block-spacer-3_d2135b-d8\"><div class=\"kt-block-spacer kt-block-spacer-halign-center\"><hr class=\"kt-divider\"\/><\/div><\/div>\n","protected":false},"excerpt":{"rendered":"<p>Pol\u00edtica de privacidad Esta Pol\u00edtica de Privacidad describe las pol\u00edticas de \u201cPolskie Centrum Rezydencji\u201d Krzysztof Graman, Kieturakisa 10\/21, 80-742 Gda\u0144sk, Polonia, correo electr\u00f3nico: biuro@pcr-legal.pl, tel\u00e9fono: +48 572 868 879, sobre la recopilaci\u00f3n, el uso y la divulgaci\u00f3n de su informaci\u00f3n que recopilamos cuando utiliza nuestro sitio web ( https:\/\/pcr-legal.pl ) (el \u201cServicio\u201d). Al acceder o&#8230;<\/p>\n","protected":false},"author":1,"featured_media":0,"parent":0,"menu_order":0,"comment_status":"closed","ping_status":"closed","template":"","meta":{"_monsterinsights_skip_tracking":false,"_monsterinsights_sitenote_active":false,"_monsterinsights_sitenote_note":"","_monsterinsights_sitenote_category":0,"_kadence_starter_templates_imported_post":false,"_swpsp_post_exclude":false,"_kad_post_transparent":"","_kad_post_title":"","_kad_post_layout":"","_kad_post_sidebar_id":"","_kad_post_content_style":"","_kad_post_vertical_padding":"","_kad_post_feature":"","_kad_post_feature_position":"","_kad_post_header":false,"_kad_post_footer":false,"_kad_post_classname":"","footnotes":""},"class_list":["post-3780","page","type-page","status-publish","hentry"],"_links":{"self":[{"href":"https:\/\/pcr-legal.pl\/es\/wp-json\/wp\/v2\/pages\/3780","targetHints":{"allow":["GET"]}}],"collection":[{"href":"https:\/\/pcr-legal.pl\/es\/wp-json\/wp\/v2\/pages"}],"about":[{"href":"https:\/\/pcr-legal.pl\/es\/wp-json\/wp\/v2\/types\/page"}],"author":[{"embeddable":true,"href":"https:\/\/pcr-legal.pl\/es\/wp-json\/wp\/v2\/users\/1"}],"replies":[{"embeddable":true,"href":"https:\/\/pcr-legal.pl\/es\/wp-json\/wp\/v2\/comments?post=3780"}],"version-history":[{"count":5,"href":"https:\/\/pcr-legal.pl\/es\/wp-json\/wp\/v2\/pages\/3780\/revisions"}],"predecessor-version":[{"id":3944,"href":"https:\/\/pcr-legal.pl\/es\/wp-json\/wp\/v2\/pages\/3780\/revisions\/3944"}],"wp:attachment":[{"href":"https:\/\/pcr-legal.pl\/es\/wp-json\/wp\/v2\/media?parent=3780"}],"curies":[{"name":"wp","href":"https:\/\/api.w.org\/{rel}","templated":true}]}}